{"id":5407,"date":"2023-03-18T11:03:50","date_gmt":"2023-03-18T10:03:50","guid":{"rendered":"https:\/\/shop.scop-tuscany.it\/?post_type=product&#038;p=5407"},"modified":"2023-03-18T12:40:23","modified_gmt":"2023-03-18T11:40:23","slug":"kuchenmesser-fur-fisch-und-sushi","status":"publish","type":"product","link":"https:\/\/shop.scop-tuscany.it\/de\/shop\/kuchenmesser-fur-fisch-und-sushi\/","title":{"rendered":"K\u00fcchenmesser f\u00fcr Fisch und Sushi"},"content":{"rendered":"<p>K\u00fcchenmesser f\u00fcr Fisch und Sushi<\/p>\n<p>Messerklinge aus rostfreiem Stahl<\/p>\n<p>Messergriff in Olivenholz, Eukalyptus und Exotenholz<\/p>\n","protected":false},"excerpt":{"rendered":"<p>K\u00fcchenmesser f\u00fcr Fisch und Sushi<\/p>\n<p>Messerklinge aus rostfreiem Stahl<\/p>\n<p>Messergriff in Olivenholz, Eukalyptus und Exotenholz<\/p>\n","protected":false},"featured_media":5411,"template":"","meta":[],"product_cat":[140],"product_tag":[344,472,298,217],"class_list":{"0":"post-5407","1":"product","2":"type-product","3":"status-publish","4":"has-post-thumbnail","6":"product_cat-coltelli-cucina-de","7":"product_tag-eukalyptus-de","8":"product_tag-exotenholz","9":"product_tag-olivenholz-de","10":"product_tag-rostfrei","12":"first","13":"outofstock","14":"featured","15":"sold-individually","16":"shipping-taxable","17":"purchasable","18":"product-type-simple"},"yoast_head":"<!-- This site is optimized with the Yoast SEO plugin v22.0 - https:\/\/yoast.com\/wordpress\/plugins\/seo\/ -->\n<title>K\u00fcchenmesser f\u00fcr Fisch und Sushi | Handgefertigte Messer Online Verkauf | Scop Tuscany<\/title>\n<meta name=\"description\" content=\"K\u00fcchenmesser f\u00fcr Fisch und Sushi  Messerklinge aus rostfreiem Stahl  Messergriff in Olivenholz, Eukalyptus und Exotenholz | Online Gesch\u00e4ft Messer | Scop Tuscany\" \/>\n<meta name=\"robots\" content=\"index, follow, max-snippet:-1, max-image-preview:large, max-video-preview:-1\" \/>\n<link rel=\"canonical\" href=\"https:\/\/shop.scop-tuscany.it\/de\/shop\/kuchenmesser-fur-fisch-und-sushi\/\" \/>\n<meta property=\"og:locale\" content=\"de_DE\" \/>\n<meta property=\"og:type\" content=\"article\" \/>\n<meta property=\"og:title\" content=\"K\u00fcchenmesser f\u00fcr Fisch und Sushi | Handgefertigte Messer Online Verkauf | Scop Tuscany\" \/>\n<meta property=\"og:description\" content=\"K\u00fcchenmesser f\u00fcr Fisch und Sushi  Messerklinge aus rostfreiem Stahl  Messergriff in Olivenholz, Eukalyptus und Exotenholz | Online Gesch\u00e4ft Messer | Scop Tuscany\" \/>\n<meta property=\"og:url\" content=\"https:\/\/shop.scop-tuscany.it\/de\/shop\/kuchenmesser-fur-fisch-und-sushi\/\" \/>\n<meta property=\"og:site_name\" content=\"Shop Scop Tuscany\" \/>\n<meta property=\"article:modified_time\" content=\"2023-03-18T11:40:23+00:00\" \/>\n<meta property=\"og:image\" content=\"https:\/\/shop.scop-tuscany.it\/wp-content\/uploads\/2023\/03\/IMG-20230316-WA0002.jpg\" \/>\n\t<meta property=\"og:image:width\" content=\"1200\" \/>\n\t<meta property=\"og:image:height\" content=\"1000\" \/>\n\t<meta property=\"og:image:type\" content=\"image\/jpeg\" \/>\n<meta name=\"twitter:card\" content=\"summary_large_image\" \/>\n<meta name=\"twitter:label1\" content=\"Gesch\u00e4tzte Lesezeit\" \/>\n\t<meta name=\"twitter:data1\" content=\"1\u00a0Minute\" \/>\n<script type=\"application\/ld+json\" class=\"yoast-schema-graph\">{\"@context\":\"https:\/\/schema.org\",\"@graph\":[{\"@type\":\"WebPage\",\"@id\":\"https:\/\/shop.scop-tuscany.it\/de\/shop\/kuchenmesser-fur-fisch-und-sushi\/\",\"url\":\"https:\/\/shop.scop-tuscany.it\/de\/shop\/kuchenmesser-fur-fisch-und-sushi\/\",\"name\":\"K\u00fcchenmesser f\u00fcr Fisch und Sushi | Handgefertigte Messer Online Verkauf | Scop Tuscany\",\"isPartOf\":{\"@id\":\"https:\/\/shop.scop-tuscany.it\/de\/#website\"},\"datePublished\":\"2023-03-18T10:03:50+00:00\",\"dateModified\":\"2023-03-18T11:40:23+00:00\",\"description\":\"K\u00fcchenmesser f\u00fcr Fisch und Sushi Messerklinge aus rostfreiem Stahl Messergriff in Olivenholz, Eukalyptus und Exotenholz | Online Gesch\u00e4ft Messer | Scop Tuscany\",\"breadcrumb\":{\"@id\":\"https:\/\/shop.scop-tuscany.it\/de\/shop\/kuchenmesser-fur-fisch-und-sushi\/#breadcrumb\"},\"inLanguage\":\"de\",\"potentialAction\":[{\"@type\":\"ReadAction\",\"target\":[\"https:\/\/shop.scop-tuscany.it\/de\/shop\/kuchenmesser-fur-fisch-und-sushi\/\"]}]},{\"@type\":\"BreadcrumbList\",\"@id\":\"https:\/\/shop.scop-tuscany.it\/de\/shop\/kuchenmesser-fur-fisch-und-sushi\/#breadcrumb\",\"itemListElement\":[{\"@type\":\"ListItem\",\"position\":1,\"name\":\"Home\",\"item\":\"https:\/\/shop.scop-tuscany.it\/de\/\"},{\"@type\":\"ListItem\",\"position\":2,\"name\":\"Shop\",\"item\":\"https:\/\/shop.scop-tuscany.it\/de\/shop\/\"},{\"@type\":\"ListItem\",\"position\":3,\"name\":\"K\u00fcchenmesser f\u00fcr Fisch und Sushi\"}]},{\"@type\":\"WebSite\",\"@id\":\"https:\/\/shop.scop-tuscany.it\/de\/#website\",\"url\":\"https:\/\/shop.scop-tuscany.it\/de\/\",\"name\":\"Scop Tuscany Shop - Coltelli Artigianali\",\"description\":\"Scop Tuscany Shop\",\"publisher\":{\"@id\":\"https:\/\/shop.scop-tuscany.it\/de\/#organization\"},\"potentialAction\":[{\"@type\":\"SearchAction\",\"target\":{\"@type\":\"EntryPoint\",\"urlTemplate\":\"https:\/\/shop.scop-tuscany.it\/de\/?s={search_term_string}\"},\"query-input\":\"required name=search_term_string\"}],\"inLanguage\":\"de\"},{\"@type\":\"Organization\",\"@id\":\"https:\/\/shop.scop-tuscany.it\/de\/#organization\",\"name\":\"Scop Tuscany Shop - Coltelli Artigianali\",\"url\":\"https:\/\/shop.scop-tuscany.it\/de\/\",\"logo\":{\"@type\":\"ImageObject\",\"inLanguage\":\"de\",\"@id\":\"https:\/\/shop.scop-tuscany.it\/de\/#\/schema\/logo\/image\/\",\"url\":\"https:\/\/shop.scop-tuscany.it\/wp-content\/uploads\/2021\/10\/logo-sovrapposto-b.png\",\"contentUrl\":\"https:\/\/shop.scop-tuscany.it\/wp-content\/uploads\/2021\/10\/logo-sovrapposto-b.png\",\"width\":396,\"height\":151,\"caption\":\"Scop Tuscany Shop - Coltelli Artigianali\"},\"image\":{\"@id\":\"https:\/\/shop.scop-tuscany.it\/de\/#\/schema\/logo\/image\/\"}}]}<\/script>\n<!-- \/ Yoast SEO plugin. -->","yoast_head_json":{"title":"K\u00fcchenmesser f\u00fcr Fisch und Sushi | Handgefertigte Messer Online Verkauf | Scop Tuscany","description":"K\u00fcchenmesser f\u00fcr Fisch und Sushi  Messerklinge aus rostfreiem Stahl  Messergriff in Olivenholz, Eukalyptus und Exotenholz | Online Gesch\u00e4ft Messer | Scop Tuscany","robots":{"index":"index","follow":"follow","max-snippet":"max-snippet:-1","max-image-preview":"max-image-preview:large","max-video-preview":"max-video-preview:-1"},"canonical":"https:\/\/shop.scop-tuscany.it\/de\/shop\/kuchenmesser-fur-fisch-und-sushi\/","og_locale":"de_DE","og_type":"article","og_title":"K\u00fcchenmesser f\u00fcr Fisch und Sushi | Handgefertigte Messer Online Verkauf | Scop Tuscany","og_description":"K\u00fcchenmesser f\u00fcr Fisch und Sushi  Messerklinge aus rostfreiem Stahl  Messergriff in Olivenholz, Eukalyptus und Exotenholz | Online Gesch\u00e4ft Messer | Scop Tuscany","og_url":"https:\/\/shop.scop-tuscany.it\/de\/shop\/kuchenmesser-fur-fisch-und-sushi\/","og_site_name":"Shop Scop Tuscany","article_modified_time":"2023-03-18T11:40:23+00:00","og_image":[{"width":1200,"height":1000,"url":"https:\/\/shop.scop-tuscany.it\/wp-content\/uploads\/2023\/03\/IMG-20230316-WA0002.jpg","type":"image\/jpeg"}],"twitter_card":"summary_large_image","twitter_misc":{"Gesch\u00e4tzte Lesezeit":"1\u00a0Minute"},"schema":{"@context":"https:\/\/schema.org","@graph":[{"@type":"WebPage","@id":"https:\/\/shop.scop-tuscany.it\/de\/shop\/kuchenmesser-fur-fisch-und-sushi\/","url":"https:\/\/shop.scop-tuscany.it\/de\/shop\/kuchenmesser-fur-fisch-und-sushi\/","name":"K\u00fcchenmesser f\u00fcr Fisch und Sushi | Handgefertigte Messer Online Verkauf | Scop Tuscany","isPartOf":{"@id":"https:\/\/shop.scop-tuscany.it\/de\/#website"},"datePublished":"2023-03-18T10:03:50+00:00","dateModified":"2023-03-18T11:40:23+00:00","description":"K\u00fcchenmesser f\u00fcr Fisch und Sushi Messerklinge aus rostfreiem Stahl Messergriff in Olivenholz, Eukalyptus und Exotenholz | Online Gesch\u00e4ft Messer | Scop Tuscany","breadcrumb":{"@id":"https:\/\/shop.scop-tuscany.it\/de\/shop\/kuchenmesser-fur-fisch-und-sushi\/#breadcrumb"},"inLanguage":"de","potentialAction":[{"@type":"ReadAction","target":["https:\/\/shop.scop-tuscany.it\/de\/shop\/kuchenmesser-fur-fisch-und-sushi\/"]}]},{"@type":"BreadcrumbList","@id":"https:\/\/shop.scop-tuscany.it\/de\/shop\/kuchenmesser-fur-fisch-und-sushi\/#breadcrumb","itemListElement":[{"@type":"ListItem","position":1,"name":"Home","item":"https:\/\/shop.scop-tuscany.it\/de\/"},{"@type":"ListItem","position":2,"name":"Shop","item":"https:\/\/shop.scop-tuscany.it\/de\/shop\/"},{"@type":"ListItem","position":3,"name":"K\u00fcchenmesser f\u00fcr Fisch und Sushi"}]},{"@type":"WebSite","@id":"https:\/\/shop.scop-tuscany.it\/de\/#website","url":"https:\/\/shop.scop-tuscany.it\/de\/","name":"Scop Tuscany Shop - Coltelli Artigianali","description":"Scop Tuscany Shop","publisher":{"@id":"https:\/\/shop.scop-tuscany.it\/de\/#organization"},"potentialAction":[{"@type":"SearchAction","target":{"@type":"EntryPoint","urlTemplate":"https:\/\/shop.scop-tuscany.it\/de\/?s={search_term_string}"},"query-input":"required name=search_term_string"}],"inLanguage":"de"},{"@type":"Organization","@id":"https:\/\/shop.scop-tuscany.it\/de\/#organization","name":"Scop Tuscany Shop - Coltelli Artigianali","url":"https:\/\/shop.scop-tuscany.it\/de\/","logo":{"@type":"ImageObject","inLanguage":"de","@id":"https:\/\/shop.scop-tuscany.it\/de\/#\/schema\/logo\/image\/","url":"https:\/\/shop.scop-tuscany.it\/wp-content\/uploads\/2021\/10\/logo-sovrapposto-b.png","contentUrl":"https:\/\/shop.scop-tuscany.it\/wp-content\/uploads\/2021\/10\/logo-sovrapposto-b.png","width":396,"height":151,"caption":"Scop Tuscany Shop - Coltelli Artigianali"},"image":{"@id":"https:\/\/shop.scop-tuscany.it\/de\/#\/schema\/logo\/image\/"}}]}},"_links":{"self":[{"href":"https:\/\/shop.scop-tuscany.it\/de\/wp-json\/wp\/v2\/product\/5407","targetHints":{"allow":["GET"]}}],"collection":[{"href":"https:\/\/shop.scop-tuscany.it\/de\/wp-json\/wp\/v2\/product"}],"about":[{"href":"https:\/\/shop.scop-tuscany.it\/de\/wp-json\/wp\/v2\/types\/product"}],"wp:featuredmedia":[{"embeddable":true,"href":"https:\/\/shop.scop-tuscany.it\/de\/wp-json\/wp\/v2\/media\/5411"}],"wp:attachment":[{"href":"https:\/\/shop.scop-tuscany.it\/de\/wp-json\/wp\/v2\/media?parent=5407"}],"wp:term":[{"taxonomy":"product_cat","embeddable":true,"href":"https:\/\/shop.scop-tuscany.it\/de\/wp-json\/wp\/v2\/product_cat?post=5407"},{"taxonomy":"product_tag","embeddable":true,"href":"https:\/\/shop.scop-tuscany.it\/de\/wp-json\/wp\/v2\/product_tag?post=5407"}],"curies":[{"name":"wp","href":"https:\/\/api.w.org\/{rel}","templated":true}]}}