{"id":4843,"date":"2022-03-16T19:00:12","date_gmt":"2022-03-16T18:00:12","guid":{"rendered":"https:\/\/shop.scop-tuscany.it\/informazioni\/"},"modified":"2023-02-01T18:40:59","modified_gmt":"2023-02-01T17:40:59","slug":"informazioni","status":"publish","type":"page","link":"https:\/\/shop.scop-tuscany.it\/de\/informazioni\/","title":{"rendered":"Informationen"},"content":{"rendered":"<p>[vc_row][vc_column][vc_custom_heading text=&#8221;Informationen&#8221; font_container=&#8221;tag:h3|text_align:center&#8221; use_theme_fonts=&#8221;yes&#8221;][vc_column_text]<\/p>\n<h3>Zahlungsmodalit\u00e4ten:<\/h3>\n<p><strong>\u00a0<\/strong>Bei Bestellungen aus unserem Shop sind folgende Zahlungsmodalit\u00e4ten m\u00f6glich.<\/p>\n<p>&nbsp;<\/p>\n<p><strong>Bank\u00fcberweisung:<\/strong><\/p>\n<p>Nach Bestellung erhalten Sie von uns eine Auftragsbest\u00e4tigung per E-Mail.<br \/>\nBitte \u00fcberweisen Sie den kompletten Rechnungsbetrag inklusive MwSt. (so lange nichts anderes vereinbart) auf unser Gesch\u00e4ftskonto. Sobald die Zahlung bei uns eingegangen ist, wird Ihre Bestellung schnellstm\u00f6glich bearbeitet und an Sie versendet.<\/p>\n<p>&nbsp;<\/p>\n<p><strong>Kreditkarte:<\/strong><\/p>\n<p>Zahlen Sie ganz einfach per Kreditkarte (Visa, Mastercard). Ihre Kreditkartendaten werden selbstverst\u00e4ndlich, unter Einhaltung aller Datenschutzrichtlinien, vertraulich behandelt und nicht gespeichert.<br \/>\nDie Bearbeitung sowie der Versand, erfolgt innerhalb weniger Arbeitstage nach positiver R\u00fcckmeldung seitens der Bank oder des PayPal-Anbieters.<\/p>\n<p>&nbsp;<\/p>\n<p><strong>Paypal:<\/strong><\/p>\n<p>Nachdem Sie eine Auftragsbest\u00e4tigung von unserem Shop erhalten haben, zahlen Sie bitte den kompletten Rechnungsbetrag auf unser Paypal -Konto.<br \/>\nSobald uns der Zahlungseingang vom Paypal- Anbieter als abgeschlossen gemeldet wurde, wird Ihre Bestellung unverz\u00fcglich bearbeitet (falls es sich um eine Sonder- oder Spezialanfertigung handelt) beziehungsweise schnellstm\u00f6glich versendet.<br \/>\nDiese Zahlart ist gegebenenfalls mit zus\u00e4tzlichen Geb\u00fchren (je nach Land und Anbieter bzw. Kreditkarte) verbunden.<\/p>\n<p>&nbsp;<\/p>\n<h3>Versand:<\/h3>\n<p>Der Versand von Artikeln aus unserem Onlineshop erfolgt schnellstm\u00f6glich (i.d.R. innerhalb von wenigen Werktagen) nach Zahlungseingang.<br \/>\nSollten mehrere Artikel bestellt worden sein, beginnt der Versand dann, wenn alle Artikel verf\u00fcgbar und versandfertig sind.<br \/>\nF\u00fcr Sonderbestellungen gelten individuelle Versandzeitr\u00e4ume, welche direkt mit dem Kunden abgestimmt werden.<\/p>\n<p>&nbsp;<\/p>\n<p><b>Der Versand erfolgt \u00fcber BRT zu folgenden Konditionen:<\/b><\/p>\n<p><b>Innerhalb der EU und der Schweiz:<\/b><\/p>\n<p>Bitte beachten Sie, dass die Kosten auch innerhalb der EU l\u00e4nderspezifisch verschieden sein k\u00f6nnen. Alle Preise verstehen sich inklusive MwSt.<br \/>\nUnsere Versandkosten betragen 15,00 \u20ac<br \/>\nKosten f\u00fcr L\u00e4nder im Ausland 29,00 \u20ac<br \/>\nF\u00fcr nicht EU- L\u00e4nder wie z.B. Gro\u00dfbritannien k\u00f6nnen die Versandkosten variieren und werden von LM- Custom Outdoor Knives and More speziell angepasst.<br \/>\nPreis\u00e4nderungen werden von LM-Custom Outdoor Knives and More an marktspezifische Ver\u00e4nderungen angepasst. Dies muss dem Kunden im Voraus nicht mitgeteilt werden.<br \/>\nF\u00fcr Preis\u00e4nderungen seitens des Spediteurs \u00fcbernimmt LM-Custom Outdoor Knives and More keine Verantwortung.<br \/>\nBitte haben Sie Verst\u00e4ndnis, das LM-Custom Outdoor Knives and More nicht verantwortlich ist f\u00fcr Lieferverz\u00f6gerungen seitens des Kuriers.<br \/>\nZum Zeitpunkt der Lieferung ist der Kunde verpflichtet, die Pakete unverz\u00fcglich auf Vollst\u00e4ndigkeit und Unversehrtheit zu pr\u00fcfen.<br \/>\nDer R\u00fcckversand muss unverz\u00fcglich (innerhalb von 5 Tagen nach Erhalt der Ware) erfolgen. Diese Bestimmungen gelten auch, sofern die Verpackung unversehrt aber die Ware mangelhaft ist.<br \/>\n\u00dcber die oben genannten Bedingungen hinaus, k\u00f6nnen R\u00fccksendungen nicht ber\u00fccksichtigt werden.<br \/>\nIm Falle einer R\u00fccksendung ist der Verk\u00e4ufer LM- Custom Outdoor Knives and More innerhalb von 5 Tagen per E-Mail oder telefonisch zu informieren.<\/p>\n<p><strong>Verf\u00fcgbarkeit:<\/strong><\/p>\n<p>Artikel aus unserem Onlineshop sind meist Unikate und daher nur einmal oder in geringer Menge verf\u00fcgbar. Bei Bestellungen in unserem Onlineshop kann es vorkommen, dass die Verf\u00fcgbarkeit nicht in Echtzeit aktualisiert wird. Angesichts der M\u00f6glichkeit des gleichzeitigen Zugriffs mehrerer Kunden auf unsere Website kann die tats\u00e4chliche Verf\u00fcgbarkeit einzelner Produkte erheblich variieren. Aus diesen Gr\u00fcnden kann LM- Custom Outdoor Knives and More die Sicherheit der Lieferzeiten oder die Abtretung der bestellten Waren nicht garantieren und ist daher auf keinen Fall f\u00fcr Lieferverz\u00f6gerungen verantwortlich.<br \/>\n\u00dcber Lieferverz\u00f6gerungen seitens des Verk\u00e4ufers LM- Custom Outdoor Knives and More werden Sie informiert.<br \/>\nSollten Sie von der Bestellung zur\u00fccktreten wollen, wird Ihnen der bezahlte Betrag in gleicher Zahlweise wie die, die von Ihnen geleistet wurde, zur\u00fcckerstattet.<\/p>\n<p>&nbsp;<\/p>\n<h3>Preise:<\/h3>\n<p>Alle Preise verstehen sich inklusive der gesetzlichen MwSt. Die Preise k\u00f6nnen jederzeit und ohne Vorank\u00fcndigung den Marktentwicklungen angepasst und ge\u00e4ndert werden.<br \/>\nUnsere Preise gelten nur und ausschlie\u00dflich f\u00fcr Onlineeink\u00e4ufe.<br \/>\nBitte beachten Sie, dass je nach Land, in welches die Bestellung versendet wird, zus\u00e4tzliche landesspezifische Geb\u00fchren wie z.B. Einfuhrz\u00f6lle, Verzollungsgeb\u00fchren, Verzollungsdienstleistungsgeb\u00fchren sowie ggf. Einfuhr- und Umsatzsteuer anfallen k\u00f6nnen. Diese sind vom K\u00e4ufer zu tragen. Informieren Sie sich deshalb vorab \u00fcber die f\u00fcr Sie geltenden Bestimmungen.<\/p>\n<p><strong>Eigentumsvorbehalt:<\/strong><\/p>\n<p>Die Ware verbleibt bis zur vollst\u00e4ndigen Bezahlung Eigentum des Verk\u00e4ufers LM-Custom Outdoor Knives and More.<\/p>\n<p><strong>Garantie:<\/strong><\/p>\n<p>Alle verkauften Artikel entsprechen den Garantievorgaben. Als Garantie ist immer diese g\u00fcltig, welche von den H\u00e4ndlern und Importeuren angegeben wird.<br \/>\nIm Falle einer Fehlfunktion oder eines Defektes (welcher nicht auf unsachgem\u00e4\u00dfe Verwendung und Benutzung des Objektes zur\u00fcckzuf\u00fchren ist) kann der Artikel an LM-Custom Outdoor Knives and More zur\u00fcckgesendet werden. Die Frachtkosten tr\u00e4gt hierbei der K\u00e4ufer. F\u00fcr den R\u00fcckversand der Ware darf nur die Originalverpackung verwendet werden.<\/p>\n<p>&nbsp;<\/p>\n<p><strong>Bestellstatus:<\/strong><\/p>\n<p>Soweit von Seitens des Kuriers eine Verfolgung \u00fcber einen Trackingcode m\u00f6glich ist, wird dieser an den Kunden weitergeleitet.<\/p>\n<h3>Haftungssausschluss:<\/h3>\n<p>Bitte haben Sie Verst\u00e4ndnis, das LM-Custom Outdoor Knives and More nicht haftet, falls ein Produkt aus unserem Shop nicht den gesetzlichen Vorgaben im Hinblick auf l\u00e4nderspezifische Waffenf\u00fchrungsgesetze entspricht. Bitte informieren Sie sich diesbez\u00fcglich, \u00fcber die f\u00fcr Sie geltenden Bestimmungen. Bitte beachten Sie, dass R\u00fccksendungen, die aus diesem Grund eingereicht werden, nicht ber\u00fccksichtigt werden k\u00f6nnen.<\/p>\n<p>&nbsp;<\/p>\n<h3>Widerrufsrecht:<\/h3>\n<p>Der Verkauf von Produkten \u00fcber das Internet wird durch das Gesetzesdekret 206\/2005 geregelt, welches die Angelegenheiten von Fernabsatzvertr\u00e4gen regelt, d.h. die au\u00dferhalb von Gesch\u00e4ftsr\u00e4umen durchgef\u00fchrt werden. Diese Rechtsvorschriften legen das Widerrufsrecht oder die M\u00f6glichkeit f\u00fcr den Verbraucher fest, das gekaufte Produkt zur\u00fcckzugeben und die Erstattung der entstandenen Kosten (mit Ausnahme der Frachtkosten und eventueller Zusatzkosten z.B. Zoll- oder l\u00e4nderspezifische Abgaben) zu erhalten.<br \/>\nDieses Recht ist nur nat\u00fcrlichen Personen und nicht juristischen Personen vorbehalten.<br \/>\nWaren, welche unsachgem\u00e4\u00df, also nicht dem Verwendungszweck entsprechend, angewendet wurden, sind von der R\u00fcckerstattung ausgeschlossen.<br \/>\nDas Widerrufsrecht gilt nicht f\u00fcr die Lieferung von Waren, welche auf Wunsch des Kunden bzw. Bestellers angefertigt wurden oder personalisiert sind (z.B. Gravuren, Ma\u00dfanfertigungen, Sonderanfertigungen von Messern auf Kundenwunsch etc.).<br \/>\nDer Verbraucher ist verpflichtet, die Waren innerhalb von 14 Kalendertagen ab Datum des Erhalts auf eigene Kosten an LM-Custom Outdoor Knives and More zur\u00fcckzusenden. Um Anspruch auf eine R\u00fcckerstattung zu haben, muss der Artikel vollst\u00e4ndig, unbenutzt und nicht manipuliert sowie in der Originalverpackung sein.<br \/>\nDie zur\u00fcckgegebene Ware reist unter Verantwortung des Kunden, der sicherstellen muss, dass die Ware in einwandfreiem Zustand ankommt.<\/p>\n<p>&nbsp;<\/p>\n<p><strong>Die Ware ist zu versenden an:<\/strong><br \/>\n<strong>LM- Custom Outdoor Knives and More<br \/>\nInh. Lucas Messer<br \/>\nVia Ugo Foscolo 4<br \/>\n57022 Donoratico (LI)<br \/>\nItalien<\/strong>[\/vc_column_text][\/vc_column][\/vc_row]<\/p>\n","protected":false},"excerpt":{"rendered":"<p>[vc_row][vc_column][vc_custom_heading text=&#8221;Informationen&#8221; font_container=&#8221;tag:h3|text_align:center&#8221; use_theme_fonts=&#8221;yes&#8221;][vc_column_text] Zahlungsmodalit\u00e4ten: \u00a0Bei Bestellungen aus unserem Shop sind folgende Zahlungsmodalit\u00e4ten m\u00f6glich. &nbsp; Bank\u00fcberweisung: Nach Bestellung erhalten Sie von uns eine Auftragsbest\u00e4tigung per E-Mail. Bitte \u00fcberweisen Sie den kompletten Rechnungsbetrag inklusive MwSt. (so lange nichts anderes vereinbart) auf unser Gesch\u00e4ftskonto. Sobald die Zahlung bei uns eingegangen ist, wird Ihre Bestellung schnellstm\u00f6glich bearbeitet und &hellip; <a href=\"https:\/\/shop.scop-tuscany.it\/de\/informazioni\/\" class=\"more-link\">Continue reading <span class=\"screen-reader-text\">Informationen<\/span><\/a><\/p>\n","protected":false},"author":1,"featured_media":0,"parent":0,"menu_order":0,"comment_status":"closed","ping_status":"closed","template":"","meta":{"footnotes":""},"class_list":["post-4843","page","type-page","status-publish","hentry"],"yoast_head":"<!-- This site is optimized with the Yoast SEO plugin v22.0 - https:\/\/yoast.com\/wordpress\/plugins\/seo\/ -->\n<title>Information | Shop Scop Tuscany | Online Verkauf Handgefertigte Messer<\/title>\n<meta name=\"description\" content=\"Herstellung und Online-Verkauf von handgefertigten Messern: Jagdmesser, K\u00fcchenmesser, Bushcraft-Messer, handgefertigter Schmuck\" \/>\n<meta name=\"robots\" content=\"index, follow, max-snippet:-1, max-image-preview:large, max-video-preview:-1\" \/>\n<link rel=\"canonical\" href=\"https:\/\/shop.scop-tuscany.it\/de\/informazioni\/\" \/>\n<meta property=\"og:locale\" content=\"de_DE\" \/>\n<meta property=\"og:type\" content=\"article\" \/>\n<meta property=\"og:title\" content=\"Information | Shop Scop Tuscany | Online Verkauf Handgefertigte Messer\" \/>\n<meta property=\"og:description\" content=\"Herstellung und Online-Verkauf von handgefertigten Messern: Jagdmesser, K\u00fcchenmesser, Bushcraft-Messer, handgefertigter Schmuck\" \/>\n<meta property=\"og:url\" content=\"https:\/\/shop.scop-tuscany.it\/de\/informazioni\/\" \/>\n<meta property=\"og:site_name\" content=\"Shop Scop Tuscany\" \/>\n<meta property=\"article:modified_time\" content=\"2023-02-01T17:40:59+00:00\" \/>\n<meta property=\"og:image\" content=\"https:\/\/shop.scop-tuscany.it\/wp-content\/uploads\/2021\/10\/logo-sovrapposto-b.png\" \/>\n\t<meta property=\"og:image:width\" content=\"396\" \/>\n\t<meta property=\"og:image:height\" content=\"151\" \/>\n\t<meta property=\"og:image:type\" content=\"image\/png\" \/>\n<meta name=\"twitter:card\" content=\"summary_large_image\" \/>\n<meta name=\"twitter:label1\" content=\"Gesch\u00e4tzte Lesezeit\" \/>\n\t<meta name=\"twitter:data1\" content=\"6\u00a0Minuten\" \/>\n<script type=\"application\/ld+json\" class=\"yoast-schema-graph\">{\"@context\":\"https:\/\/schema.org\",\"@graph\":[{\"@type\":\"WebPage\",\"@id\":\"https:\/\/shop.scop-tuscany.it\/de\/informazioni\/\",\"url\":\"https:\/\/shop.scop-tuscany.it\/de\/informazioni\/\",\"name\":\"Information | Shop Scop Tuscany | Online Verkauf Handgefertigte Messer\",\"isPartOf\":{\"@id\":\"https:\/\/shop.scop-tuscany.it\/de\/#website\"},\"datePublished\":\"2022-03-16T18:00:12+00:00\",\"dateModified\":\"2023-02-01T17:40:59+00:00\",\"description\":\"Herstellung und Online-Verkauf von handgefertigten Messern: Jagdmesser, K\u00fcchenmesser, Bushcraft-Messer, handgefertigter Schmuck\",\"breadcrumb\":{\"@id\":\"https:\/\/shop.scop-tuscany.it\/de\/informazioni\/#breadcrumb\"},\"inLanguage\":\"de\",\"potentialAction\":[{\"@type\":\"ReadAction\",\"target\":[\"https:\/\/shop.scop-tuscany.it\/de\/informazioni\/\"]}]},{\"@type\":\"BreadcrumbList\",\"@id\":\"https:\/\/shop.scop-tuscany.it\/de\/informazioni\/#breadcrumb\",\"itemListElement\":[{\"@type\":\"ListItem\",\"position\":1,\"name\":\"Home\",\"item\":\"https:\/\/shop.scop-tuscany.it\/de\/\"},{\"@type\":\"ListItem\",\"position\":2,\"name\":\"Informationen\"}]},{\"@type\":\"WebSite\",\"@id\":\"https:\/\/shop.scop-tuscany.it\/de\/#website\",\"url\":\"https:\/\/shop.scop-tuscany.it\/de\/\",\"name\":\"Scop Tuscany Shop - Coltelli Artigianali\",\"description\":\"Scop Tuscany Shop\",\"publisher\":{\"@id\":\"https:\/\/shop.scop-tuscany.it\/de\/#organization\"},\"potentialAction\":[{\"@type\":\"SearchAction\",\"target\":{\"@type\":\"EntryPoint\",\"urlTemplate\":\"https:\/\/shop.scop-tuscany.it\/de\/?s={search_term_string}\"},\"query-input\":\"required name=search_term_string\"}],\"inLanguage\":\"de\"},{\"@type\":\"Organization\",\"@id\":\"https:\/\/shop.scop-tuscany.it\/de\/#organization\",\"name\":\"Scop Tuscany Shop - Coltelli Artigianali\",\"url\":\"https:\/\/shop.scop-tuscany.it\/de\/\",\"logo\":{\"@type\":\"ImageObject\",\"inLanguage\":\"de\",\"@id\":\"https:\/\/shop.scop-tuscany.it\/de\/#\/schema\/logo\/image\/\",\"url\":\"https:\/\/shop.scop-tuscany.it\/wp-content\/uploads\/2021\/10\/logo-sovrapposto-b.png\",\"contentUrl\":\"https:\/\/shop.scop-tuscany.it\/wp-content\/uploads\/2021\/10\/logo-sovrapposto-b.png\",\"width\":396,\"height\":151,\"caption\":\"Scop Tuscany Shop - Coltelli Artigianali\"},\"image\":{\"@id\":\"https:\/\/shop.scop-tuscany.it\/de\/#\/schema\/logo\/image\/\"}}]}<\/script>\n<!-- \/ Yoast SEO plugin. -->","yoast_head_json":{"title":"Information | Shop Scop Tuscany | Online Verkauf Handgefertigte Messer","description":"Herstellung und Online-Verkauf von handgefertigten Messern: Jagdmesser, K\u00fcchenmesser, Bushcraft-Messer, handgefertigter Schmuck","robots":{"index":"index","follow":"follow","max-snippet":"max-snippet:-1","max-image-preview":"max-image-preview:large","max-video-preview":"max-video-preview:-1"},"canonical":"https:\/\/shop.scop-tuscany.it\/de\/informazioni\/","og_locale":"de_DE","og_type":"article","og_title":"Information | Shop Scop Tuscany | Online Verkauf Handgefertigte Messer","og_description":"Herstellung und Online-Verkauf von handgefertigten Messern: Jagdmesser, K\u00fcchenmesser, Bushcraft-Messer, handgefertigter Schmuck","og_url":"https:\/\/shop.scop-tuscany.it\/de\/informazioni\/","og_site_name":"Shop Scop Tuscany","article_modified_time":"2023-02-01T17:40:59+00:00","og_image":[{"width":396,"height":151,"url":"https:\/\/shop.scop-tuscany.it\/wp-content\/uploads\/2021\/10\/logo-sovrapposto-b.png","type":"image\/png"}],"twitter_card":"summary_large_image","twitter_misc":{"Gesch\u00e4tzte Lesezeit":"6\u00a0Minuten"},"schema":{"@context":"https:\/\/schema.org","@graph":[{"@type":"WebPage","@id":"https:\/\/shop.scop-tuscany.it\/de\/informazioni\/","url":"https:\/\/shop.scop-tuscany.it\/de\/informazioni\/","name":"Information | Shop Scop Tuscany | Online Verkauf Handgefertigte Messer","isPartOf":{"@id":"https:\/\/shop.scop-tuscany.it\/de\/#website"},"datePublished":"2022-03-16T18:00:12+00:00","dateModified":"2023-02-01T17:40:59+00:00","description":"Herstellung und Online-Verkauf von handgefertigten Messern: Jagdmesser, K\u00fcchenmesser, Bushcraft-Messer, handgefertigter Schmuck","breadcrumb":{"@id":"https:\/\/shop.scop-tuscany.it\/de\/informazioni\/#breadcrumb"},"inLanguage":"de","potentialAction":[{"@type":"ReadAction","target":["https:\/\/shop.scop-tuscany.it\/de\/informazioni\/"]}]},{"@type":"BreadcrumbList","@id":"https:\/\/shop.scop-tuscany.it\/de\/informazioni\/#breadcrumb","itemListElement":[{"@type":"ListItem","position":1,"name":"Home","item":"https:\/\/shop.scop-tuscany.it\/de\/"},{"@type":"ListItem","position":2,"name":"Informationen"}]},{"@type":"WebSite","@id":"https:\/\/shop.scop-tuscany.it\/de\/#website","url":"https:\/\/shop.scop-tuscany.it\/de\/","name":"Scop Tuscany Shop - Coltelli Artigianali","description":"Scop Tuscany Shop","publisher":{"@id":"https:\/\/shop.scop-tuscany.it\/de\/#organization"},"potentialAction":[{"@type":"SearchAction","target":{"@type":"EntryPoint","urlTemplate":"https:\/\/shop.scop-tuscany.it\/de\/?s={search_term_string}"},"query-input":"required name=search_term_string"}],"inLanguage":"de"},{"@type":"Organization","@id":"https:\/\/shop.scop-tuscany.it\/de\/#organization","name":"Scop Tuscany Shop - Coltelli Artigianali","url":"https:\/\/shop.scop-tuscany.it\/de\/","logo":{"@type":"ImageObject","inLanguage":"de","@id":"https:\/\/shop.scop-tuscany.it\/de\/#\/schema\/logo\/image\/","url":"https:\/\/shop.scop-tuscany.it\/wp-content\/uploads\/2021\/10\/logo-sovrapposto-b.png","contentUrl":"https:\/\/shop.scop-tuscany.it\/wp-content\/uploads\/2021\/10\/logo-sovrapposto-b.png","width":396,"height":151,"caption":"Scop Tuscany Shop - Coltelli Artigianali"},"image":{"@id":"https:\/\/shop.scop-tuscany.it\/de\/#\/schema\/logo\/image\/"}}]}},"_links":{"self":[{"href":"https:\/\/shop.scop-tuscany.it\/de\/wp-json\/wp\/v2\/pages\/4843","targetHints":{"allow":["GET"]}}],"collection":[{"href":"https:\/\/shop.scop-tuscany.it\/de\/wp-json\/wp\/v2\/pages"}],"about":[{"href":"https:\/\/shop.scop-tuscany.it\/de\/wp-json\/wp\/v2\/types\/page"}],"author":[{"embeddable":true,"href":"https:\/\/shop.scop-tuscany.it\/de\/wp-json\/wp\/v2\/users\/1"}],"replies":[{"embeddable":true,"href":"https:\/\/shop.scop-tuscany.it\/de\/wp-json\/wp\/v2\/comments?post=4843"}],"version-history":[{"count":1,"href":"https:\/\/shop.scop-tuscany.it\/de\/wp-json\/wp\/v2\/pages\/4843\/revisions"}],"predecessor-version":[{"id":5099,"href":"https:\/\/shop.scop-tuscany.it\/de\/wp-json\/wp\/v2\/pages\/4843\/revisions\/5099"}],"wp:attachment":[{"href":"https:\/\/shop.scop-tuscany.it\/de\/wp-json\/wp\/v2\/media?parent=4843"}],"curies":[{"name":"wp","href":"https:\/\/api.w.org\/{rel}","templated":true}]}}