{"id":4600,"date":"2021-10-10T06:50:19","date_gmt":"2021-10-10T04:50:19","guid":{"rendered":"https:\/\/shop.scop-tuscany.it\/lucas-messer-2\/"},"modified":"2023-02-01T18:44:27","modified_gmt":"2023-02-01T17:44:27","slug":"lucas-messer","status":"publish","type":"page","link":"https:\/\/shop.scop-tuscany.it\/de\/lucas-messer\/","title":{"rendered":"Lucas Messer"},"content":{"rendered":"<p>[vc_row css=&#8221;.vc_custom_1643732168513{margin-bottom: 50px !important;padding-top: 20px !important;}&#8221;][vc_column][vc_custom_heading text=&#8221;Nicht umsonst hei\u00dfe ich Messer&#8221; font_container=&#8221;tag:h3|font_size:38px|text_align:center|color:%231a1a26|line_height:52px&#8221; use_theme_fonts=&#8221;yes&#8221; el_class=&#8221;text-header&#8221;][vc_single_image image=&#8221;4434&#8243; img_size=&#8221;1200&#215;540&#8243;][\/vc_column][\/vc_row][vc_row css=&#8221;.vc_custom_1541061367390{padding-top: 20px !important;}&#8221;][vc_column offset=&#8221;vc_col-lg-12&#8243;][vc_row_inner css=&#8221;.vc_custom_1540628414724{padding-top: 10px !important;}&#8221;][vc_column_inner][vc_column_text css=&#8221;.vc_custom_1647880910145{border-right-width: 20px !important;border-left-width: 20px !important;}&#8221;]<\/p>\n<p style=\"text-align: center;\">Ein Messer ist ein Garant f\u00fcr Sicherheit. Aber es ist nicht nur dass.<br \/>\nMeine Leidenschaft f\u00fcr Messer entstand w\u00e4hrend meiner verschiedenen Outdoor Aktivit\u00e4ten.<br \/>\nWir leben leider in einer &#8220;Wegwerfgesellschaft&#8221;.<br \/>\nDaher ist es mir sehr wichtig den Dingen, die nicht mehr gebraucht werden, neues Leben einhauchen zu k\u00f6nnen. Tats\u00e4chlich bestehen meine Messer gr\u00f6\u00dftenteils aus recycelten Materialien.<br \/>\nMit meiner Hilfe wird jeder in der Lage sein, das Messer seiner Tr\u00e4ume zu schaffen.<br \/>\nMeine Messer haben keinen Anspruch auf Perfektion, aber Sie haben eine Seele.<\/p>\n<p>[\/vc_column_text][vc_custom_heading text=&#8221;Natur, Kunst &amp; Kreationen&#8221; font_container=&#8221;tag:h3|font_size:38px|text_align:center|color:%231a1a26|line_height:52px&#8221; use_theme_fonts=&#8221;yes&#8221; el_class=&#8221;text-header&#8221;][vc_column_text][\/vc_column_text][vc_masonry_media_grid element_width=&#8221;3&#8243; grid_id=&#8221;vc_gid:1647880881834-99598377-9fd2-8&#8243; include=&#8221;4474,4462,4472,4456,4470,4468,4466,4464,4458,4454,4460&#8243;][\/vc_column_inner][\/vc_row_inner][\/vc_column][\/vc_row][vc_row][vc_column][\/vc_column][\/vc_row][vc_row][vc_column offset=&#8221;vc_col-lg-2 vc_hidden-md vc_hidden-sm&#8221;][\/vc_column][vc_column offset=&#8221;vc_col-lg-8&#8243;][vc_custom_heading text=&#8221;Mit den H\u00e4nden geschaffen&#8221; font_container=&#8221;tag:h3|font_size:36px|text_align:center|color:%231a1a26|line_height:42px&#8221; use_theme_fonts=&#8221;yes&#8221;][vc_column_text]<\/p>\n<p style=\"font-size: 16px; line-height: 28px; text-align: center;\">Ich schaffe Meisterwerke, die von der Natur inspiriert sind.<br \/>\nEinzigartige Objekte, die uns bei unseren Leidenschaften &#8220;Kochen, Jagen, Angeln&#8221; behilflich sein k\u00f6nnen!<\/p>\n<p>[\/vc_column_text][\/vc_column][vc_column offset=&#8221;vc_col-lg-2 vc_hidden-md vc_hidden-sm&#8221;][\/vc_column][\/vc_row][vc_row][vc_column][vc_single_image image=&#8221;4436&#8243; img_size=&#8221;full&#8221; alignment=&#8221;center&#8221; css=&#8221;.vc_custom_1634728191007{margin-top: 60px !important;}&#8221;][\/vc_column][\/vc_row]<\/p>\n","protected":false},"excerpt":{"rendered":"<p>[vc_row css=&#8221;.vc_custom_1643732168513{margin-bottom: 50px !important;padding-top: 20px !important;}&#8221;][vc_column][vc_custom_heading text=&#8221;Nicht umsonst hei\u00dfe ich Messer&#8221; font_container=&#8221;tag:h3|font_size:38px|text_align:center|color:%231a1a26|line_height:52px&#8221; use_theme_fonts=&#8221;yes&#8221; el_class=&#8221;text-header&#8221;][vc_single_image image=&#8221;4434&#8243; img_size=&#8221;1200&#215;540&#8243;][\/vc_column][\/vc_row][vc_row css=&#8221;.vc_custom_1541061367390{padding-top: 20px !important;}&#8221;][vc_column offset=&#8221;vc_col-lg-12&#8243;][vc_row_inner css=&#8221;.vc_custom_1540628414724{padding-top: 10px !important;}&#8221;][vc_column_inner][vc_column_text css=&#8221;.vc_custom_1647880910145{border-right-width: 20px !important;border-left-width: 20px !important;}&#8221;] Ein Messer ist ein Garant f\u00fcr Sicherheit. Aber es ist nicht nur dass. Meine Leidenschaft f\u00fcr Messer entstand w\u00e4hrend meiner verschiedenen Outdoor Aktivit\u00e4ten. Wir leben leider in &hellip; <a href=\"https:\/\/shop.scop-tuscany.it\/de\/lucas-messer\/\" class=\"more-link\">Continue reading <span class=\"screen-reader-text\">Lucas Messer<\/span><\/a><\/p>\n","protected":false},"author":1,"featured_media":0,"parent":0,"menu_order":0,"comment_status":"closed","ping_status":"closed","template":"","meta":{"footnotes":""},"class_list":["post-4600","page","type-page","status-publish","hentry"],"yoast_head":"<!-- This site is optimized with the Yoast SEO plugin v22.0 - https:\/\/yoast.com\/wordpress\/plugins\/seo\/ -->\n<title>Lucas Messer | Nicht umsonst hei\u00dfe ich Messer | Handwerker-Messer<\/title>\n<meta name=\"description\" content=\"Lucas Messer: Einzigartige Objekte, die uns bei unseren Leidenschaften \u201cKochen, Jagen, Angeln\u201d behilflich sein k\u00f6nnen! Shop Online\" \/>\n<meta name=\"robots\" content=\"index, follow, max-snippet:-1, max-image-preview:large, max-video-preview:-1\" \/>\n<link rel=\"canonical\" href=\"https:\/\/shop.scop-tuscany.it\/de\/lucas-messer\/\" \/>\n<meta property=\"og:locale\" content=\"de_DE\" \/>\n<meta property=\"og:type\" content=\"article\" \/>\n<meta property=\"og:title\" content=\"Lucas Messer | Nicht umsonst hei\u00dfe ich Messer | Handwerker-Messer\" \/>\n<meta property=\"og:description\" content=\"Lucas Messer: Einzigartige Objekte, die uns bei unseren Leidenschaften \u201cKochen, Jagen, Angeln\u201d behilflich sein k\u00f6nnen! Shop Online\" \/>\n<meta property=\"og:url\" content=\"https:\/\/shop.scop-tuscany.it\/de\/lucas-messer\/\" \/>\n<meta property=\"og:site_name\" content=\"Shop Scop Tuscany\" \/>\n<meta property=\"article:modified_time\" content=\"2023-02-01T17:44:27+00:00\" \/>\n<meta property=\"og:image\" content=\"https:\/\/shop.scop-tuscany.it\/wp-content\/uploads\/2021\/10\/logo-sovrapposto-b.png\" \/>\n\t<meta property=\"og:image:width\" content=\"396\" \/>\n\t<meta property=\"og:image:height\" content=\"151\" \/>\n\t<meta property=\"og:image:type\" content=\"image\/png\" \/>\n<meta name=\"twitter:card\" content=\"summary_large_image\" \/>\n<meta name=\"twitter:label1\" content=\"Gesch\u00e4tzte Lesezeit\" \/>\n\t<meta name=\"twitter:data1\" content=\"1\u00a0Minute\" \/>\n<script type=\"application\/ld+json\" class=\"yoast-schema-graph\">{\"@context\":\"https:\/\/schema.org\",\"@graph\":[{\"@type\":\"WebPage\",\"@id\":\"https:\/\/shop.scop-tuscany.it\/de\/lucas-messer\/\",\"url\":\"https:\/\/shop.scop-tuscany.it\/de\/lucas-messer\/\",\"name\":\"Lucas Messer | Nicht umsonst hei\u00dfe ich Messer | Handwerker-Messer\",\"isPartOf\":{\"@id\":\"https:\/\/shop.scop-tuscany.it\/de\/#website\"},\"datePublished\":\"2021-10-10T04:50:19+00:00\",\"dateModified\":\"2023-02-01T17:44:27+00:00\",\"description\":\"Lucas Messer: Einzigartige Objekte, die uns bei unseren Leidenschaften \u201cKochen, Jagen, Angeln\u201d behilflich sein k\u00f6nnen! Shop Online\",\"breadcrumb\":{\"@id\":\"https:\/\/shop.scop-tuscany.it\/de\/lucas-messer\/#breadcrumb\"},\"inLanguage\":\"de\",\"potentialAction\":[{\"@type\":\"ReadAction\",\"target\":[\"https:\/\/shop.scop-tuscany.it\/de\/lucas-messer\/\"]}]},{\"@type\":\"BreadcrumbList\",\"@id\":\"https:\/\/shop.scop-tuscany.it\/de\/lucas-messer\/#breadcrumb\",\"itemListElement\":[{\"@type\":\"ListItem\",\"position\":1,\"name\":\"Home\",\"item\":\"https:\/\/shop.scop-tuscany.it\/de\/\"},{\"@type\":\"ListItem\",\"position\":2,\"name\":\"Lucas Messer\"}]},{\"@type\":\"WebSite\",\"@id\":\"https:\/\/shop.scop-tuscany.it\/de\/#website\",\"url\":\"https:\/\/shop.scop-tuscany.it\/de\/\",\"name\":\"Scop Tuscany Shop - Coltelli Artigianali\",\"description\":\"Scop Tuscany Shop\",\"publisher\":{\"@id\":\"https:\/\/shop.scop-tuscany.it\/de\/#organization\"},\"potentialAction\":[{\"@type\":\"SearchAction\",\"target\":{\"@type\":\"EntryPoint\",\"urlTemplate\":\"https:\/\/shop.scop-tuscany.it\/de\/?s={search_term_string}\"},\"query-input\":\"required name=search_term_string\"}],\"inLanguage\":\"de\"},{\"@type\":\"Organization\",\"@id\":\"https:\/\/shop.scop-tuscany.it\/de\/#organization\",\"name\":\"Scop Tuscany Shop - Coltelli Artigianali\",\"url\":\"https:\/\/shop.scop-tuscany.it\/de\/\",\"logo\":{\"@type\":\"ImageObject\",\"inLanguage\":\"de\",\"@id\":\"https:\/\/shop.scop-tuscany.it\/de\/#\/schema\/logo\/image\/\",\"url\":\"https:\/\/shop.scop-tuscany.it\/wp-content\/uploads\/2021\/10\/logo-sovrapposto-b.png\",\"contentUrl\":\"https:\/\/shop.scop-tuscany.it\/wp-content\/uploads\/2021\/10\/logo-sovrapposto-b.png\",\"width\":396,\"height\":151,\"caption\":\"Scop Tuscany Shop - Coltelli Artigianali\"},\"image\":{\"@id\":\"https:\/\/shop.scop-tuscany.it\/de\/#\/schema\/logo\/image\/\"}}]}<\/script>\n<!-- \/ Yoast SEO plugin. -->","yoast_head_json":{"title":"Lucas Messer | Nicht umsonst hei\u00dfe ich Messer | Handwerker-Messer","description":"Lucas Messer: Einzigartige Objekte, die uns bei unseren Leidenschaften \u201cKochen, Jagen, Angeln\u201d behilflich sein k\u00f6nnen! Shop Online","robots":{"index":"index","follow":"follow","max-snippet":"max-snippet:-1","max-image-preview":"max-image-preview:large","max-video-preview":"max-video-preview:-1"},"canonical":"https:\/\/shop.scop-tuscany.it\/de\/lucas-messer\/","og_locale":"de_DE","og_type":"article","og_title":"Lucas Messer | Nicht umsonst hei\u00dfe ich Messer | Handwerker-Messer","og_description":"Lucas Messer: Einzigartige Objekte, die uns bei unseren Leidenschaften \u201cKochen, Jagen, Angeln\u201d behilflich sein k\u00f6nnen! Shop Online","og_url":"https:\/\/shop.scop-tuscany.it\/de\/lucas-messer\/","og_site_name":"Shop Scop Tuscany","article_modified_time":"2023-02-01T17:44:27+00:00","og_image":[{"width":396,"height":151,"url":"https:\/\/shop.scop-tuscany.it\/wp-content\/uploads\/2021\/10\/logo-sovrapposto-b.png","type":"image\/png"}],"twitter_card":"summary_large_image","twitter_misc":{"Gesch\u00e4tzte Lesezeit":"1\u00a0Minute"},"schema":{"@context":"https:\/\/schema.org","@graph":[{"@type":"WebPage","@id":"https:\/\/shop.scop-tuscany.it\/de\/lucas-messer\/","url":"https:\/\/shop.scop-tuscany.it\/de\/lucas-messer\/","name":"Lucas Messer | Nicht umsonst hei\u00dfe ich Messer | Handwerker-Messer","isPartOf":{"@id":"https:\/\/shop.scop-tuscany.it\/de\/#website"},"datePublished":"2021-10-10T04:50:19+00:00","dateModified":"2023-02-01T17:44:27+00:00","description":"Lucas Messer: Einzigartige Objekte, die uns bei unseren Leidenschaften \u201cKochen, Jagen, Angeln\u201d behilflich sein k\u00f6nnen! Shop Online","breadcrumb":{"@id":"https:\/\/shop.scop-tuscany.it\/de\/lucas-messer\/#breadcrumb"},"inLanguage":"de","potentialAction":[{"@type":"ReadAction","target":["https:\/\/shop.scop-tuscany.it\/de\/lucas-messer\/"]}]},{"@type":"BreadcrumbList","@id":"https:\/\/shop.scop-tuscany.it\/de\/lucas-messer\/#breadcrumb","itemListElement":[{"@type":"ListItem","position":1,"name":"Home","item":"https:\/\/shop.scop-tuscany.it\/de\/"},{"@type":"ListItem","position":2,"name":"Lucas Messer"}]},{"@type":"WebSite","@id":"https:\/\/shop.scop-tuscany.it\/de\/#website","url":"https:\/\/shop.scop-tuscany.it\/de\/","name":"Scop Tuscany Shop - Coltelli Artigianali","description":"Scop Tuscany Shop","publisher":{"@id":"https:\/\/shop.scop-tuscany.it\/de\/#organization"},"potentialAction":[{"@type":"SearchAction","target":{"@type":"EntryPoint","urlTemplate":"https:\/\/shop.scop-tuscany.it\/de\/?s={search_term_string}"},"query-input":"required name=search_term_string"}],"inLanguage":"de"},{"@type":"Organization","@id":"https:\/\/shop.scop-tuscany.it\/de\/#organization","name":"Scop Tuscany Shop - Coltelli Artigianali","url":"https:\/\/shop.scop-tuscany.it\/de\/","logo":{"@type":"ImageObject","inLanguage":"de","@id":"https:\/\/shop.scop-tuscany.it\/de\/#\/schema\/logo\/image\/","url":"https:\/\/shop.scop-tuscany.it\/wp-content\/uploads\/2021\/10\/logo-sovrapposto-b.png","contentUrl":"https:\/\/shop.scop-tuscany.it\/wp-content\/uploads\/2021\/10\/logo-sovrapposto-b.png","width":396,"height":151,"caption":"Scop Tuscany Shop - Coltelli Artigianali"},"image":{"@id":"https:\/\/shop.scop-tuscany.it\/de\/#\/schema\/logo\/image\/"}}]}},"_links":{"self":[{"href":"https:\/\/shop.scop-tuscany.it\/de\/wp-json\/wp\/v2\/pages\/4600","targetHints":{"allow":["GET"]}}],"collection":[{"href":"https:\/\/shop.scop-tuscany.it\/de\/wp-json\/wp\/v2\/pages"}],"about":[{"href":"https:\/\/shop.scop-tuscany.it\/de\/wp-json\/wp\/v2\/types\/page"}],"author":[{"embeddable":true,"href":"https:\/\/shop.scop-tuscany.it\/de\/wp-json\/wp\/v2\/users\/1"}],"replies":[{"embeddable":true,"href":"https:\/\/shop.scop-tuscany.it\/de\/wp-json\/wp\/v2\/comments?post=4600"}],"version-history":[{"count":1,"href":"https:\/\/shop.scop-tuscany.it\/de\/wp-json\/wp\/v2\/pages\/4600\/revisions"}],"predecessor-version":[{"id":5100,"href":"https:\/\/shop.scop-tuscany.it\/de\/wp-json\/wp\/v2\/pages\/4600\/revisions\/5100"}],"wp:attachment":[{"href":"https:\/\/shop.scop-tuscany.it\/de\/wp-json\/wp\/v2\/media?parent=4600"}],"curies":[{"name":"wp","href":"https:\/\/api.w.org\/{rel}","templated":true}]}}